{"id":1260,"date":"2014-07-15T08:32:11","date_gmt":"2014-07-15T08:32:11","guid":{"rendered":"http:\/\/kreikenbaum.com\/?page_id=1260"},"modified":"2024-12-11T11:15:06","modified_gmt":"2024-12-11T11:15:06","slug":"impressum-2","status":"publish","type":"page","link":"https:\/\/kreikenbaum.com\/?page_id=1260","title":{"rendered":"Impressum"},"content":{"rendered":"<header id=\"myHeader\" class=\"sticky\">\n<nav class=\"navbar navbar-default \" role=\"navigation\">\n<div class=\"container\">\n<div class=\"navbar-header\">\n<div class=\"col-md-12\">Angaben gem\u00e4\u00df \u00a7 5 TMG:<\/div>\n<p><strong>Kreikenbaum GmbH &amp; Co KG<br \/>\n<\/strong><span style=\"font-size: revert; color: initial;\">Langenstr. 50<br \/>\n<\/span><span style=\"font-size: revert; color: initial;\">28295 Bremen<\/span><\/p>\n<div class=\"col-md-12\">\n<p>Vertreten durch die gesch\u00e4ftsf\u00fchrende Gesellschafterin:<strong><br \/>\n<\/strong><span style=\"font-size: revert; color: initial;\">Antje Kreikenbaum<\/span><\/p>\n<p><strong>Kontakt:<br \/>\n<\/strong><span style=\"font-size: revert; color: initial;\">Telefon: +49 171 68577618<br \/>\n<\/span><span style=\"font-size: revert; color: initial;\">E-Mail: thorsten@kreikenbaum.com<\/span><\/p>\n<p><strong>Registereintrag:<\/strong><br \/>\nEintragung im Handelsregister:<br \/>\nAmtsgericht Bremen: HRA25421 HB<br \/>\nPers\u00f6nlich haftende Gesellschafterin:<br \/>\nKreikenbaum Verwaltungs GmbH, HRB 31441HB<\/p>\n<p><strong>Umsatzsteuer-ID:<br \/>\n<\/strong>Umsatzsteuer-Identifikationsnummer gem\u00e4\u00df \u00a727 a Umsatzsteuergesetz:<br \/>\nUSt-IdNr.: DE267409465<\/p>\n<\/div>\n<p><strong>Streitschlichtung<\/strong><\/p>\n<p><span style=\"font-size: revert; color: initial;\">Die Europ\u00e4ische Kommission stellt eine Plattform zur Online-Streitbeilegung (OS) bereit: https:\/\/ec.europa.eu\/consumers\/odr.<\/span><\/p>\n<p><span style=\"font-size: revert; color: initial;\">Unsere E-Mail-Adresse finden Sie oben im Impressum. <\/span><span style=\"color: initial; font-size: revert;\">Wir sind nicht&nbsp; verpflichtet, an Streitbeilegungsverfahren vor einer Verbraucherschlichtungsstelle teilzunehmen.<\/span><\/p>\n<p><strong>Haftungsausschluss (Disclaimer)<\/strong><\/p>\n<p><strong><span style=\"color: initial; font-size: revert;\">Haftung f\u00fcr Inhalte<\/span><\/strong><\/p>\n<p><span style=\"font-size: revert; color: initial;\">Als Diensteanbieter sind wir gem\u00e4\u00df \u00a7 7 Abs.1 TMG f\u00fcr eigene Inhalte auf diesen Seiten nach den allgemeinen Gesetzen verantwortlich. Nach \u00a7\u00a7 8 bis 10 TMG sind wir als Diensteanbieter jedoch nicht verpflichtet, \u00fcbermittelte oder gespeicherte fremde Informationen zu \u00fcberwachen oder nach Umst\u00e4nden zu forschen, die auf eine rechtswidrige T\u00e4tigkeit hinweisen.<\/span><\/p>\n<p><span style=\"color: initial; font-size: revert;\">Verpflichtungen zur Entfernung oder Sperrung der Nutzung von Informationen nach den allgemeinen Gesetzen bleiben hiervon unber\u00fchrt. Eine diesbez\u00fcgliche Haftung ist jedoch erst ab dem Zeitpunkt der Kenntnis einer konkreten Rechtsverletzung m\u00f6glich. Bei Bekanntwerden von entsprechenden Rechtsverletzungen werden wir diese Inhalte umgehend entfernen.<\/span><\/p>\n<p><strong>Haftung f\u00fcr Links<\/strong><\/p>\n<p><span style=\"font-size: revert; color: initial;\">Unser Angebot enth\u00e4lt Links zu externen Websites Dritter, auf deren Inhalte wir keinen Einfluss haben. Deshalb k\u00f6nnen wir f\u00fcr diese fremden Inhalte auch keine Gew\u00e4hr \u00fcbernehmen. F\u00fcr die Inhalte der verlinkten Seiten ist stets der jeweilige Anbieter oder Betreiber der Seiten verantwortlich. Die verlinkten Seiten wurden zum Zeitpunkt der Verlinkung auf m\u00f6gliche Rechtsverst\u00f6\u00dfe \u00fcberpr\u00fcft. Rechtswidrige Inhalte waren zum Zeitpunkt der Verlinkung nicht erkennbar.<\/span><\/p>\n<p><span style=\"color: initial; font-size: revert;\">Eine permanente inhaltliche Kontrolle der verlinkten Seiten ist jedoch ohne konkrete Anhaltspunkte einer Rechtsverletzung nicht zumutbar. Bei Bekanntwerden von Rechtsverletzungen werden wir derartige Links umgehend entfernen.<\/span><\/p>\n<p><strong style=\"font-size: revert; color: initial;\">Urheberrecht<\/strong><\/p>\n<p><span style=\"font-size: revert; color: initial;\">Die durch die Seitenbetreiber erstellten Inhalte und Werke auf diesen Seiten unterliegen dem deutschen Urheberrecht. Die Vervielf\u00e4ltigung, Bearbeitung, Verbreitung und jede Art der Verwertung au\u00dferhalb der Grenzen des Urheberrechtes bed\u00fcrfen der schriftlichen Zustimmung des jeweiligen Autors bzw. Erstellers. Downloads und Kopien dieser Seite sind nur f\u00fcr den privaten, nicht kommerziellen Gebrauch gestattet.<\/span><\/p>\n<p><span style=\"color: initial; font-size: revert;\">Soweit die Inhalte auf dieser Seite nicht vom Betreiber erstellt wurden, werden die Urheberrechte Dritter beachtet. Insbesondere werden Inhalte Dritter als solche gekennzeichnet. Sollten Sie trotzdem auf eine Urheberrechtsverletzung aufmerksam werden, bitten wir um einen entsprechenden Hinweis. Bei Bekanntwerden von Rechtsverletzungen werden wir derartige Inhalte umgehend entfernen.<\/span><\/p>\n<\/div>\n<\/div>\n<\/nav>\n<\/header>\n<section class=\"main main_inhalt\">\n<div class=\"container container_text\">\n<div class=\"row\">\n<div class=\"col-md-12\">\n<p>&nbsp;<\/p>\n<\/div>\n<\/div>\n<\/div>\n<\/section>\n","protected":false},"excerpt":{"rendered":"<p>Angaben gem\u00e4\u00df \u00a7 5 TMG: Kreikenbaum GmbH &amp; Co KG Langenstr. 50 28295 Bremen Vertreten durch die gesch\u00e4ftsf\u00fchrende Gesellschafterin: Antje Kreikenbaum Kontakt: Telefon: +49 171 68577618 E-Mail: thorsten@kreikenbaum.com Registereintrag: Eintragung im Handelsregister: Amtsgericht Bremen: HRA25421 HB Pers\u00f6nlich haftende Gesellschafterin: Kreikenbaum Verwaltungs GmbH, HRB 31441HB Umsatzsteuer-ID: Umsatzsteuer-Identifikationsnummer gem\u00e4\u00df \u00a727 a Umsatzsteuergesetz: USt-IdNr.: DE267409465 Streitschlichtung Die Europ\u00e4ische [&hellip;]<\/p>\n","protected":false},"author":1,"featured_media":0,"parent":0,"menu_order":0,"comment_status":"closed","ping_status":"closed","template":"","meta":{"ngg_post_thumbnail":0,"footnotes":""},"class_list":["post-1260","page","type-page","status-publish","hentry"],"_links":{"self":[{"href":"https:\/\/kreikenbaum.com\/index.php?rest_route=\/wp\/v2\/pages\/1260","targetHints":{"allow":["GET"]}}],"collection":[{"href":"https:\/\/kreikenbaum.com\/index.php?rest_route=\/wp\/v2\/pages"}],"about":[{"href":"https:\/\/kreikenbaum.com\/index.php?rest_route=\/wp\/v2\/types\/page"}],"author":[{"embeddable":true,"href":"https:\/\/kreikenbaum.com\/index.php?rest_route=\/wp\/v2\/users\/1"}],"replies":[{"embeddable":true,"href":"https:\/\/kreikenbaum.com\/index.php?rest_route=%2Fwp%2Fv2%2Fcomments&post=1260"}],"version-history":[{"count":15,"href":"https:\/\/kreikenbaum.com\/index.php?rest_route=\/wp\/v2\/pages\/1260\/revisions"}],"predecessor-version":[{"id":3375,"href":"https:\/\/kreikenbaum.com\/index.php?rest_route=\/wp\/v2\/pages\/1260\/revisions\/3375"}],"wp:attachment":[{"href":"https:\/\/kreikenbaum.com\/index.php?rest_route=%2Fwp%2Fv2%2Fmedia&parent=1260"}],"curies":[{"name":"wp","href":"https:\/\/api.w.org\/{rel}","templated":true}]}}