{"id":1553,"date":"2019-06-20T13:47:14","date_gmt":"2019-06-20T13:47:14","guid":{"rendered":"https:\/\/kreikenbaum.com\/?page_id=1553"},"modified":"2019-06-20T18:01:43","modified_gmt":"2019-06-20T18:01:43","slug":"bueroprojekte","status":"publish","type":"page","link":"https:\/\/kreikenbaum.com\/?page_id=1553","title":{"rendered":"B\u00fcroprojekte"},"content":{"rendered":"\n<p><a href=\"https:\/\/kreikenbaum.com\/?page_id=777\">AM WASSER<\/a><\/p>\n\n\n\n<p><a href=\"https:\/\/kreikenbaum.com\/?page_id=788\">BAUTR\u00c4GER<\/a><\/p>\n\n\n\n<p><a href=\"https:\/\/kreikenbaum.com\/?page_id=1286\">KINDERG\u00c4RTEN UND SCHULEN<\/a><\/p>\n\n\n\n<p><a href=\"https:\/\/kreikenbaum.com\/?page_id=790\">SONDERPLANUNG<\/a><\/p>\n\n\n\n<p><a href=\"https:\/\/kreikenbaum.com\/?page_id=22\">STRASSEN UND PL\u00c4TZE<\/a><\/p>\n\n\n\n<p><a href=\"https:\/\/kreikenbaum.com\/?page_id=782\">STRUKTURPLANUNG<\/a><\/p>\n\n\n\n<p><a href=\"https:\/\/kreikenbaum.com\/?page_id=979\">WETTBEWERBE<\/a><\/p>\n\n\n\n<p><\/p>\n","protected":false},"excerpt":{"rendered":"<p>AM WASSER BAUTR\u00c4GER KINDERG\u00c4RTEN UND SCHULEN SONDERPLANUNG STRASSEN UND PL\u00c4TZE STRUKTURPLANUNG WETTBEWERBE<\/p>\n","protected":false},"author":1,"featured_media":1648,"parent":0,"menu_order":0,"comment_status":"closed","ping_status":"closed","template":"template-page-projects.php","meta":{"ngg_post_thumbnail":0,"footnotes":""},"class_list":["post-1553","page","type-page","status-publish","has-post-thumbnail","hentry"],"_links":{"self":[{"href":"https:\/\/kreikenbaum.com\/index.php?rest_route=\/wp\/v2\/pages\/1553","targetHints":{"allow":["GET"]}}],"collection":[{"href":"https:\/\/kreikenbaum.com\/index.php?rest_route=\/wp\/v2\/pages"}],"about":[{"href":"https:\/\/kreikenbaum.com\/index.php?rest_route=\/wp\/v2\/types\/page"}],"author":[{"embeddable":true,"href":"https:\/\/kreikenbaum.com\/index.php?rest_route=\/wp\/v2\/users\/1"}],"replies":[{"embeddable":true,"href":"https:\/\/kreikenbaum.com\/index.php?rest_route=%2Fwp%2Fv2%2Fcomments&post=1553"}],"version-history":[{"count":2,"href":"https:\/\/kreikenbaum.com\/index.php?rest_route=\/wp\/v2\/pages\/1553\/revisions"}],"predecessor-version":[{"id":1577,"href":"https:\/\/kreikenbaum.com\/index.php?rest_route=\/wp\/v2\/pages\/1553\/revisions\/1577"}],"wp:featuredmedia":[{"embeddable":true,"href":"https:\/\/kreikenbaum.com\/index.php?rest_route=\/wp\/v2\/media\/1648"}],"wp:attachment":[{"href":"https:\/\/kreikenbaum.com\/index.php?rest_route=%2Fwp%2Fv2%2Fmedia&parent=1553"}],"curies":[{"name":"wp","href":"https:\/\/api.w.org\/{rel}","templated":true}]}}