{"id":780,"date":"2013-02-19T14:10:48","date_gmt":"2013-02-19T14:10:48","guid":{"rendered":"http:\/\/kreikenbaum.com\/wordpress\/?page_id=780"},"modified":"2023-02-24T12:11:04","modified_gmt":"2023-02-24T12:11:04","slug":"uber-uns","status":"publish","type":"page","link":"https:\/\/kreikenbaum.com\/?page_id=780","title":{"rendered":"\u00dcber uns"},"content":{"rendered":"<p><strong>Eine kleine Auskunft \u00fcber unser B\u00fcro und unser Selbstverst\u00e4ndnis<\/strong><\/p>\n<p>Seit \u00fcber 50 Jahren Freiraumplanung.<\/p>\n<p style=\"font-weight: 400;\">1970 gr\u00fcndete Hartmut Kreikenbaum &nbsp;das Freiraumplanungsb\u00fcro Team Gr\u00fcn Plan , welches sp\u00e4ter zu Kreikenbaum &amp; Heinemann umfirmierte.<\/p>\n<p style=\"font-weight: 400;\">Seit fast 30 Jahren f\u00fchrt Thorsten Kreikenbaum die Gesch\u00e4fte weiter. Nehmen Sie gerne pers\u00f6nlich mit mir Kontakt auf: +49 171 6857618, E-Mail: thorsten@kreikenbaum.com<\/p>\n<p>Unter anderem gr\u00fcndeten<span style=\"font-size: revert;\">&nbsp;Thorsten Kreikenbaum und Stefan Bruns das Ingenieurb\u00fcro Polyplan Kreikenbaum Gruppe GmbH.<\/span><\/p>\n<p>In Bremen ans\u00e4ssig -mit Ausfl\u00fcgen in die weitere Republik (Erfurt, Kassel, Frankfurt etc.) und einem Bet\u00e4tigungsfeld, das sowohl st\u00e4dtebauliche, landschaftsplanerische sowie freiraum- und objektplanerische Aufgabenstellungen umfasst &#8211; ein bewusst breit gef\u00e4chertes Arbeitsspektrum, das auch benachbarte Professionen wie z.B. Stahl-, Hoch- und Wasserbau mit einbezieht.<\/p>\n<p>Seit 1993 &#8211; nach Beratung, Wettbewerbserfolg und Auftrag in der Berg- und Rosenstadt Sangerhausen gestalten wir dort mit gro\u00dfem Erfolg (Architekturpreis des Landes Sachsen-Anhalt) die Innenstadt zusammen mit der st\u00e4dtischen Planungsabteilung um und arbeiten in der Umgebung auch f\u00fcr andere Kommunen (Egeln &#8211; Architekturpreis des Landes Sachsen-Anhalt, Erfurt etc.).<\/p>\n<p>Unsere Idealvorstellung, die wir am konkreten Projekt planerisch realisieren, ist die Bearbeitung von der strukturplanerischen Ebene bis hin zur Objektplanung -und das m\u00f6glichst am selben Planungsgegenstand. Nur so ist gew\u00e4hrleistet, dass von der ersten konzeptionellen \u00dcberlegung bis zur baulichen Ausf\u00fchrung wenig &#8218;verlorengeht&#8216;.<\/p>\n<p>Wir als &#8218;Spezialisten f\u00fcrs Ganze&#8216; sind seit langem in der interdisziplin\u00e4ren Zusammenarbeit ge\u00fcbt und gew\u00e4hrleisten damit Planungsl\u00f6sungen aus einer Hand. Dies ist notwendig, um einen m\u00f6glichst ungehinderten Planungsablauf organisieren und realisieren zu k\u00f6nnen, der die Verkn\u00fcpfung und Koordination der verschiedenen Professionen zur Voraussetzung hat. Dabei ist es von Vorteil, dass wir von der LPH 1 -Grundlagenermittlung bis zur LPH 9 -Baubetreuung und Dokumentation das gesamte Leistungsbild der Ingenieur- und Architektenaufgaben abdecken.<\/p>\n<p>Diese Herangehensweise kommt der Zusammenarbeit mit gro\u00dfen Bautr\u00e4ger- und Entwicklungsgesellschaften entgegen und ist ge\u00fcbte Praxis (siehe Beispielprojekte).<\/p>\n<p>Ein Team von ambitionierten, selbst\u00e4ndig arbeitenden Kollegen\/Innen, bestehend aus Dipl. Ing.\/Architekten (20 Frauen und M\u00e4nner), 4 Konstrukteur*innen und 3 Mitarbeiter*innen f\u00fcr die B\u00fcroorganisation, setzen diese Grunds\u00e4tze in konkrete Planung &#8211; und in der Bauleitung &#8211; in gebaute Realit\u00e4t um.<\/p>\n<p>Eine weitere Facette unserer T\u00e4tigkeit seit 1969 ist die Beteiligung an offenen und aufgeforderten Wettbewerben sowie Workshops, &#8211; hier konnten wir wichtige Erfolge erzielen, die \u00fcberwiegend auch konkrete Projekte und damit gebaute Realit\u00e4t wurden.<\/p>\n<p>Wir sind in der Architektenkammer der Freien Hansestadt Bremen eingetragen. Im Folgenden sind unsere Arbeitsfelder stichwortartig benannt und auf unserer Internetseite finden Sie eine thematische Auswahl der von uns seit 1970 bearbeiteten Projekte zu Ihrer Information.<\/p>\n<p>W\u00fcnschen Sie weitergehende Informationen, so sind wir gerne bereit, Ihnen Brosch\u00fcren oder andere Materialien der Sie interessierenden Projekte zuzusenden und diese in einem pers\u00f6nlichen Gespr\u00e4ch zu erl\u00e4utern.<\/p>\n<p>Wir w\u00fcrden uns freuen, Ihre anstehenden Planungsaufgaben in einem pers\u00f6nlichen Gespr\u00e4ch kennenzulernen und an deren L\u00f6sung mitarbeiten zu k\u00f6nnen.<\/p>\n<p>Thorsten Kreikenbaum &amp; Stefan Bruns, Bremen \/ Sangerhausen<\/p>\n<p><strong>Arbeitsfelder<\/strong><\/p>\n<p>Die Arbeitsfelder unseres B\u00fcros umfassen, wie bereits erw\u00e4hnt, das gesamte Spektrum der in der Stadt-, Landschafts-, Freiraum- und Objektplanung anfallenden Planungsaufgaben unter Einbeziehung der benachbarten Professionen wie z.B. Stahl-, Hoch-, Stra\u00dfen- und Wasserbau. Dabei decken wir die gesamten Aufgabenfelder der LPH 1 -Grundlagenermittlung bis zur LPH 9 -Baubetreuung und Dokumentation ab.<\/p>\n<table>\n<colgroup>\n<col width=\"50%\">\n<col width=\"50%\"> <\/colgroup>\n<tbody>\n<tr>\n<td><strong>Strukturplanung<\/strong>&nbsp;&nbsp;&nbsp;&nbsp;&nbsp;&nbsp;&nbsp;<\/p>\n<ul>\n<li>St\u00e4dtebau<\/li>\n<li>Stadtentwicklungsplanung<\/li>\n<li>Verkehrsplanung<\/li>\n<li>Bebauungspl\u00e4ne<\/li>\n<li>Dorferneuerungsplanung<\/li>\n<li>Landschaftsrahmenplanung<\/li>\n<li>Landschafts\u00f6kologische Gutachten<\/li>\n<li>Gr\u00fcnordnungsplanung<\/li>\n<li>Freiraumrahmenplanung<\/li>\n<li>Radwegrahmenplanung<\/li>\n<\/ul>\n<\/td>\n<td><strong>Ma\u00dfnahmen im Rahmen der St\u00e4dtebauf\u00f6rderung &amp; Stadtsanierung sowie Dorferneuerung<\/strong>&nbsp;&nbsp;&nbsp;&nbsp;&nbsp;&nbsp;&nbsp;<\/p>\n<ul>\n<li>Innenstadtsanierungen<\/li>\n<li>Wohnumfeldverbesserungen<\/li>\n<li>Fu\u00dfg\u00e4ngerzonen<\/li>\n<li>Verkehrsberuhigungsma\u00dfnahmen<\/li>\n<li>Stra\u00dfenbau<\/li>\n<li>Uferpromenaden<\/li>\n<li>Stra\u00dfenplanungen aller Art<\/li>\n<li>Radwegplanungen<\/li>\n<li>Stahlbau<\/li>\n<li>Wasserbau<\/li>\n<li>Hochbau<\/li>\n<\/ul>\n<\/td>\n<\/tr>\n<tr>\n<td><strong>Freiraumplanungen im St\u00e4dtebau<\/strong>&nbsp;&nbsp;&nbsp;&nbsp;&nbsp;&nbsp;&nbsp;<\/p>\n<ul>\n<li>Pl\u00e4tze<\/li>\n<li>\u00d6ffentliche Gr\u00fcnanlagen<\/li>\n<li>Parks<\/li>\n<li>Au\u00dfenanlagen beim Wohnungsbau<\/li>\n<li>Friedh\u00f6fe<\/li>\n<li>Wasserl\u00e4ufe<\/li>\n<\/ul>\n<\/td>\n<td><strong>Planungen f\u00fcr Bautr\u00e4gergesellschaften<\/strong>&nbsp;&nbsp;&nbsp;&nbsp;&nbsp;&nbsp;&nbsp;<\/p>\n<ul>\n<li>Private Bautr\u00e4ger<\/li>\n<li>\u00d6ffentliche Bautr\u00e4ger<\/li>\n<li>Landesentwicklungsgesellschaften<\/li>\n<li>Erschlie\u00dfungsplanungen<\/li>\n<\/ul>\n<\/td>\n<\/tr>\n<tr>\n<td><strong><br \/>\nFreiraumplanung f\u00fcr \u00d6ffentliche Geb\u00e4ude<\/strong>&nbsp;&nbsp;&nbsp;&nbsp;&nbsp;&nbsp;&nbsp;<\/p>\n<ul>\n<li>Universit\u00e4ten<\/li>\n<li>Hochschulen<\/li>\n<li>Schulen<\/li>\n<li>Krankenh\u00e4user<\/li>\n<li>Rath\u00e4user<\/li>\n<li>Verwaltungsgeb\u00e4ude<\/li>\n<li>Museen<\/li>\n<li>Bibliotheken<\/li>\n<li>Flugh\u00e4fen<\/li>\n<\/ul>\n<\/td>\n<td><strong>Objektplanung in der Landschaftsplanung<\/strong>&nbsp;&nbsp;&nbsp;&nbsp;&nbsp;&nbsp;&nbsp;<\/p>\n<ul>\n<li>Rekultivierungsma\u00dfnahmen<\/li>\n<li>\u00d6kologische Pflegepl\u00e4ne<\/li>\n<li>M\u00fcllaufbereitung<\/li>\n<li>Recyclingh\u00f6fe<\/li>\n<li>Ver- und Entsorgungskonzepte<\/li>\n<li>Sp\u00fclfeldbegr\u00fcnung<\/li>\n<li>Gew\u00e4ssergestaltung<\/li>\n<li>Planung zur landschaftlichen Einbindung bei Bauma\u00dfnahmen(Wasser-\/Stra\u00dfen-\/Hoch- und Tiefbauma\u00dfnahmen)<\/li>\n<\/ul>\n<\/td>\n<\/tr>\n<tr>\n<td colspan=\"2\"><strong><br \/>\nEinzelplanungen<\/strong>&nbsp;&nbsp;&nbsp;&nbsp;&nbsp;&nbsp;&nbsp;<\/p>\n<ul>\n<li>Sportpl\u00e4tze und Sportzentren<\/li>\n<li>Schwimmb\u00e4der<\/li>\n<li>Kirchpl\u00e4tze, Friedh\u00f6fe<\/li>\n<li>Kinderspielpl\u00e4tze<\/li>\n<li>Dachg\u00e4rten (Dachbegr\u00fcnungen)<\/li>\n<li>Privatg\u00e4rten<\/li>\n<li>Erschlie\u00dfungsplanungen<\/li>\n<\/ul>\n<\/td>\n<td>&nbsp;<\/td>\n<\/tr>\n<tr>\n<td>&nbsp;<\/td>\n<\/tr>\n<\/tbody>\n<\/table>\n","protected":false},"excerpt":{"rendered":"<p>Eine kleine Auskunft \u00fcber unser B\u00fcro und unser Selbstverst\u00e4ndnis Seit \u00fcber 50 Jahren Freiraumplanung. 1970 gr\u00fcndete Hartmut Kreikenbaum &nbsp;das Freiraumplanungsb\u00fcro Team Gr\u00fcn Plan , welches sp\u00e4ter zu Kreikenbaum &amp; Heinemann umfirmierte. Seit fast 30 Jahren f\u00fchrt Thorsten Kreikenbaum die Gesch\u00e4fte weiter. Nehmen Sie gerne pers\u00f6nlich mit mir Kontakt auf: +49 171 6857618, E-Mail: thorsten@kreikenbaum.com Unter [&hellip;]<\/p>\n","protected":false},"author":1,"featured_media":2896,"parent":0,"menu_order":0,"comment_status":"closed","ping_status":"closed","template":"page-full.php","meta":{"ngg_post_thumbnail":0,"footnotes":""},"class_list":["post-780","page","type-page","status-publish","has-post-thumbnail","hentry"],"_links":{"self":[{"href":"https:\/\/kreikenbaum.com\/index.php?rest_route=\/wp\/v2\/pages\/780","targetHints":{"allow":["GET"]}}],"collection":[{"href":"https:\/\/kreikenbaum.com\/index.php?rest_route=\/wp\/v2\/pages"}],"about":[{"href":"https:\/\/kreikenbaum.com\/index.php?rest_route=\/wp\/v2\/types\/page"}],"author":[{"embeddable":true,"href":"https:\/\/kreikenbaum.com\/index.php?rest_route=\/wp\/v2\/users\/1"}],"replies":[{"embeddable":true,"href":"https:\/\/kreikenbaum.com\/index.php?rest_route=%2Fwp%2Fv2%2Fcomments&post=780"}],"version-history":[{"count":15,"href":"https:\/\/kreikenbaum.com\/index.php?rest_route=\/wp\/v2\/pages\/780\/revisions"}],"predecessor-version":[{"id":3350,"href":"https:\/\/kreikenbaum.com\/index.php?rest_route=\/wp\/v2\/pages\/780\/revisions\/3350"}],"wp:featuredmedia":[{"embeddable":true,"href":"https:\/\/kreikenbaum.com\/index.php?rest_route=\/wp\/v2\/media\/2896"}],"wp:attachment":[{"href":"https:\/\/kreikenbaum.com\/index.php?rest_route=%2Fwp%2Fv2%2Fmedia&parent=780"}],"curies":[{"name":"wp","href":"https:\/\/api.w.org\/{rel}","templated":true}]}}